{"id":10,"date":"2021-09-01T07:14:03","date_gmt":"2021-09-01T07:14:03","guid":{"rendered":"https:\/\/www.411localsfaq.com\/?page_id=10"},"modified":"2021-09-15T01:58:00","modified_gmt":"2021-09-15T01:58:00","slug":"most-frequently-asked","status":"publish","type":"page","link":"https:\/\/www.411localsfaq.com\/es\/most-frequently-asked\/","title":{"rendered":"Preguntas Frecuentes"},"content":{"rendered":"<div class=\"wp-block-uagb-faq uagb-faq__outer-wrap uagb-block-900e774d uagb-faq-icon-row uagb-faq-layout-accordion uagb-faq-expand-first-true uagb-faq-inactive-other-true uagb-faq__wrap uagb-buttons-layout-wrap uagb-faq-equal-height\" data-faqtoggle=\"true\" role=\"tablist\"><div class=\"wp-block-uagb-faq-child uagb-faq-child__outer-wrap uagb-faq-item uagb-block-bf78cc01\" role=\"tab\" tabindex=\"0\"><div class=\"uagb-faq-questions-button uagb-faq-questions\">\t\t\t<span class=\"uagb-icon uagb-faq-icon-wrap\">\n\t\t\t\t\t\t\t\t<svg xmlns=\"https:\/\/www.w3.org\/2000\/svg\" viewbox= \"0 0 448 512\"><path d=\"M438.6 278.6l-160 160C272.4 444.9 264.2 448 256 448s-16.38-3.125-22.62-9.375c-12.5-12.5-12.5-32.75 0-45.25L338.8 288H32C14.33 288 .0016 273.7 .0016 256S14.33 224 32 224h306.8l-105.4-105.4c-12.5-12.5-12.5-32.75 0-45.25s32.75-12.5 45.25 0l160 160C451.1 245.9 451.1 266.1 438.6 278.6z\"><\/path><\/svg>\n\t\t\t\t\t\t\t<\/span>\n\t\t\t\t\t\t<span class=\"uagb-icon-active uagb-faq-icon-wrap\">\n\t\t\t\t\t\t\t\t<svg xmlns=\"https:\/\/www.w3.org\/2000\/svg\" viewbox= \"0 0 384 512\"><path d=\"M374.6 310.6l-160 160C208.4 476.9 200.2 480 192 480s-16.38-3.125-22.62-9.375l-160-160c-12.5-12.5-12.5-32.75 0-45.25s32.75-12.5 45.25 0L160 370.8V64c0-17.69 14.33-31.1 31.1-31.1S224 46.31 224 64v306.8l105.4-105.4c12.5-12.5 32.75-12.5 45.25 0S387.1 298.1 374.6 310.6z\"><\/path><\/svg>\n\t\t\t\t\t\t\t<\/span>\n\t\t\t<span class=\"uagb-question\">\u00bfQu\u00e9 son las palabras clave?<\/span><\/div><div class=\"uagb-faq-content\"><p>Las palabras clave son frases que los clientes potenciales escriben en los motores de b\u00fasqueda.\nCuando seleccione palabras clave con su representante debe pensar como uno de sus clientes potenciales.\n\u00bfEscribir\u00edan esta palabra?\n\u00bfEsto es algo que usted mismo escribir\u00eda?\nPodemos permitir que elija sus palabras clave, pero recomendamos que nos permita usar nuestros datos e investigaci\u00f3n para ayudarle.<\/p><\/div><\/div><div class=\"wp-block-uagb-faq-child uagb-faq-child__outer-wrap uagb-faq-item uagb-block-db0d09a6\" role=\"tab\" tabindex=\"0\"><div class=\"uagb-faq-questions-button uagb-faq-questions\">\t\t\t<span class=\"uagb-icon uagb-faq-icon-wrap\">\n\t\t\t\t\t\t\t\t<svg xmlns=\"https:\/\/www.w3.org\/2000\/svg\" viewbox= \"0 0 448 512\"><path d=\"M438.6 278.6l-160 160C272.4 444.9 264.2 448 256 448s-16.38-3.125-22.62-9.375c-12.5-12.5-12.5-32.75 0-45.25L338.8 288H32C14.33 288 .0016 273.7 .0016 256S14.33 224 32 224h306.8l-105.4-105.4c-12.5-12.5-12.5-32.75 0-45.25s32.75-12.5 45.25 0l160 160C451.1 245.9 451.1 266.1 438.6 278.6z\"><\/path><\/svg>\n\t\t\t\t\t\t\t<\/span>\n\t\t\t\t\t\t<span class=\"uagb-icon-active uagb-faq-icon-wrap\">\n\t\t\t\t\t\t\t\t<svg xmlns=\"https:\/\/www.w3.org\/2000\/svg\" viewbox= \"0 0 384 512\"><path d=\"M374.6 310.6l-160 160C208.4 476.9 200.2 480 192 480s-16.38-3.125-22.62-9.375l-160-160c-12.5-12.5-12.5-32.75 0-45.25s32.75-12.5 45.25 0L160 370.8V64c0-17.69 14.33-31.1 31.1-31.1S224 46.31 224 64v306.8l105.4-105.4c12.5-12.5 32.75-12.5 45.25 0S387.1 298.1 374.6 310.6z\"><\/path><\/svg>\n\t\t\t\t\t\t\t<\/span>\n\t\t\t<span class=\"uagb-question\">\u00bfPor qu\u00e9 mi compa\u00f1\u00eda necesita estar listada en Google?<\/span><\/div><div class=\"uagb-faq-content\"><p>Cada d\u00eda, millones de personas usan internet para buscar compa\u00f1\u00edas.\nEstas personas saben exactamente lo que necesitan pero no saben el nombre de alguna compa\u00f1\u00eda que proveen los bienes o servicios que requieren.\nSimilar a las p\u00e1ginas amarillas\/directorio telef\u00f3nico, Google permite pongan anuncios que son f\u00e1cilmente encontrados y listan de forma clara la direcci\u00f3n y n\u00fameros telef\u00f3nicos de esas compa\u00f1\u00edas.<\/p><\/div><\/div><div class=\"wp-block-uagb-faq-child uagb-faq-child__outer-wrap uagb-faq-item uagb-block-ee4d37a1\" role=\"tab\" tabindex=\"0\"><div class=\"uagb-faq-questions-button uagb-faq-questions\">\t\t\t<span class=\"uagb-icon uagb-faq-icon-wrap\">\n\t\t\t\t\t\t\t\t<svg xmlns=\"https:\/\/www.w3.org\/2000\/svg\" viewbox= \"0 0 448 512\"><path d=\"M438.6 278.6l-160 160C272.4 444.9 264.2 448 256 448s-16.38-3.125-22.62-9.375c-12.5-12.5-12.5-32.75 0-45.25L338.8 288H32C14.33 288 .0016 273.7 .0016 256S14.33 224 32 224h306.8l-105.4-105.4c-12.5-12.5-12.5-32.75 0-45.25s32.75-12.5 45.25 0l160 160C451.1 245.9 451.1 266.1 438.6 278.6z\"><\/path><\/svg>\n\t\t\t\t\t\t\t<\/span>\n\t\t\t\t\t\t<span class=\"uagb-icon-active uagb-faq-icon-wrap\">\n\t\t\t\t\t\t\t\t<svg xmlns=\"https:\/\/www.w3.org\/2000\/svg\" viewbox= \"0 0 384 512\"><path d=\"M374.6 310.6l-160 160C208.4 476.9 200.2 480 192 480s-16.38-3.125-22.62-9.375l-160-160c-12.5-12.5-12.5-32.75 0-45.25s32.75-12.5 45.25 0L160 370.8V64c0-17.69 14.33-31.1 31.1-31.1S224 46.31 224 64v306.8l105.4-105.4c12.5-12.5 32.75-12.5 45.25 0S387.1 298.1 374.6 310.6z\"><\/path><\/svg>\n\t\t\t\t\t\t\t<\/span>\n\t\t\t<span class=\"uagb-question\">\u00bfC\u00f3mo encuentro mi listado?<\/span><\/div><div class=\"uagb-faq-content\"><p>Paso 1: Abra su navegador y vaya a www.google.com<br>Paso 2: En la barra de b\u00fasqueda de Google\u00ae, escriba su palabra clave seguida de la ciudad y estado y haga clic en Buscar en Google, es decir Plomero en Las Vegas, N.V.<br>Paso 3: Los primeros siete resultados locales est\u00e1n en esta p\u00e1gina, etiquetados A \u2013 G en los globos rojos.<\/p><\/div><\/div><div class=\"wp-block-uagb-faq-child uagb-faq-child__outer-wrap uagb-faq-item uagb-block-3994b69c\" role=\"tab\" tabindex=\"0\"><div class=\"uagb-faq-questions-button uagb-faq-questions\">\t\t\t<span class=\"uagb-icon uagb-faq-icon-wrap\">\n\t\t\t\t\t\t\t\t<svg xmlns=\"https:\/\/www.w3.org\/2000\/svg\" viewbox= \"0 0 448 512\"><path d=\"M438.6 278.6l-160 160C272.4 444.9 264.2 448 256 448s-16.38-3.125-22.62-9.375c-12.5-12.5-12.5-32.75 0-45.25L338.8 288H32C14.33 288 .0016 273.7 .0016 256S14.33 224 32 224h306.8l-105.4-105.4c-12.5-12.5-12.5-32.75 0-45.25s32.75-12.5 45.25 0l160 160C451.1 245.9 451.1 266.1 438.6 278.6z\"><\/path><\/svg>\n\t\t\t\t\t\t\t<\/span>\n\t\t\t\t\t\t<span class=\"uagb-icon-active uagb-faq-icon-wrap\">\n\t\t\t\t\t\t\t\t<svg xmlns=\"https:\/\/www.w3.org\/2000\/svg\" viewbox= \"0 0 384 512\"><path d=\"M374.6 310.6l-160 160C208.4 476.9 200.2 480 192 480s-16.38-3.125-22.62-9.375l-160-160c-12.5-12.5-12.5-32.75 0-45.25s32.75-12.5 45.25 0L160 370.8V64c0-17.69 14.33-31.1 31.1-31.1S224 46.31 224 64v306.8l105.4-105.4c12.5-12.5 32.75-12.5 45.25 0S387.1 298.1 374.6 310.6z\"><\/path><\/svg>\n\t\t\t\t\t\t\t<\/span>\n\t\t\t<span class=\"uagb-question\">\u00bfQu\u00e9 pasa si no veo inmediatamente mi empresa en la primera p\u00e1gina para los t\u00e9rminos de b\u00fasqueda especificados?<\/span><\/div><div class=\"uagb-faq-content\"><p>Las empresas son indexadas por porciones del algoritmo del motor de b\u00fasqueda llamados \u201cara\u00f1as\u201d o \u201crastreadores\u201d.\nB\u00e1sicamente son partes de c\u00f3digo que exploran todo el internet a velocidades incre\u00edblemente r\u00e1pidas, observando que criterio de b\u00fasqueda est\u00e1 o no presente en varios sitios e indexando esos sitios web, en este caso su empresa, por consiguiente. <br><br>Aunque son r\u00e1pidos, hay millones de millones de sitios web y como tales no es inusual que la optimizaci\u00f3n tome meses para ser notoriamente efectiva.\nEsta es la raz\u00f3n por la que la mayor\u00eda de las agencias SEO exigen un contrato y una gran porci\u00f3n del pago por adelantado. <br><br>Nosotros no exigimos un contrato, y aunque estamos sujetos a qu\u00e9 tan r\u00e1pidamente estos rastreadores pueden organizar los sitios web justo como cualquier otra persona, hemos encontrado que en la mayor\u00eda de los casos podemos posicionar a una empresa mucho m\u00e1s r\u00e1pido que el promedio de la industria, generalmente en cuesti\u00f3n de semanas en lugar de meses.\nSin embargo, le pedimos que nos d\u00e9 unas cuantas semanas, a pesar de no exigir un contrato, y a partir de ese momento estamos seguros de que ver\u00e1 resultados r\u00e1pidamente.<br><br>Mientras m\u00e1s tiempo se quede con nosotros mejores ser\u00e1n esos resultados en la mayor\u00eda de los casos porque optimizamos la presencia de su empresa cada semana haciendo ajustes continuos.\nSi sin embargo han pasado un n\u00famero de meses y no est\u00e1 viendo un incremento en la posici\u00f3n de su negocio, por favor llame a Servicio al Cliente al 866-391-0622.\nEllos revisar\u00e1n su listado nuevamente y se asegurar\u00e1n de que todo est\u00e1 en orden y tomaremos medidas adicionales para hacerlo llegar a la primera p\u00e1gina.<\/p><\/div><\/div><div class=\"wp-block-uagb-faq-child uagb-faq-child__outer-wrap uagb-faq-item uagb-block-0ef6e54f\" role=\"tab\" tabindex=\"0\"><div class=\"uagb-faq-questions-button uagb-faq-questions\">\t\t\t<span class=\"uagb-icon uagb-faq-icon-wrap\">\n\t\t\t\t\t\t\t\t<svg xmlns=\"https:\/\/www.w3.org\/2000\/svg\" viewbox= \"0 0 448 512\"><path d=\"M438.6 278.6l-160 160C272.4 444.9 264.2 448 256 448s-16.38-3.125-22.62-9.375c-12.5-12.5-12.5-32.75 0-45.25L338.8 288H32C14.33 288 .0016 273.7 .0016 256S14.33 224 32 224h306.8l-105.4-105.4c-12.5-12.5-12.5-32.75 0-45.25s32.75-12.5 45.25 0l160 160C451.1 245.9 451.1 266.1 438.6 278.6z\"><\/path><\/svg>\n\t\t\t\t\t\t\t<\/span>\n\t\t\t\t\t\t<span class=\"uagb-icon-active uagb-faq-icon-wrap\">\n\t\t\t\t\t\t\t\t<svg xmlns=\"https:\/\/www.w3.org\/2000\/svg\" viewbox= \"0 0 384 512\"><path d=\"M374.6 310.6l-160 160C208.4 476.9 200.2 480 192 480s-16.38-3.125-22.62-9.375l-160-160c-12.5-12.5-12.5-32.75 0-45.25s32.75-12.5 45.25 0L160 370.8V64c0-17.69 14.33-31.1 31.1-31.1S224 46.31 224 64v306.8l105.4-105.4c12.5-12.5 32.75-12.5 45.25 0S387.1 298.1 374.6 310.6z\"><\/path><\/svg>\n\t\t\t\t\t\t\t<\/span>\n\t\t\t<span class=\"uagb-question\">\u00bfC\u00f3mo sabr\u00e9 si su servicio est\u00e1 funcionando para m\u00ed?<\/span><\/div><div class=\"uagb-faq-content\"><p>Despu\u00e9s de convertirse en un cliente lo m\u00e1s importante es que recuerde estas cuatro palabras m\u00e1gicas, \u201c\u00bfNos encontr\u00f3 en internet?\u201d\nConforme progresa su optimizaci\u00f3n y usted comienza a acercarse a los 90 d\u00edas requeridos para resultados efectivos la respuesta a esa pregunta deber\u00eda ser respondida m\u00e1s frecuentemente con un \u201c\u2018\u00a1s\u00ed!\u201d\nPero dejaremos que usted sea el juez.<br><br>Usted va a recibir actualizaciones regulares de su optimizaci\u00f3n incluyendo datos anal\u00edticos que le ayudar\u00e1n a ver exactamente d\u00f3nde est\u00e1 listada su empresa, qui\u00e9n est\u00e1 viendo su empresa, y c\u00f3mo la est\u00e1n viendo.\n Estos informes le parecer\u00e1n incre\u00edblemente valiosos para determinar donde se encuentra su negocio y usamos estos informes tambi\u00e9n para mejorar su marketing en l\u00ednea constantemente.<br><br>En \u00faltima instancia sabr\u00e1 que est\u00e1 funcionando cuando empiece a tener m\u00e1s clientes en su puerta y m\u00e1s llamadas telef\u00f3nicas de clientes.\nTenga en mente que haremos que su empresa est\u00e9 listada en Google Maps en la primera p\u00e1gina y que su n\u00famero telef\u00f3nico ser\u00e1 claramente visible en la primera p\u00e1gina.\nMuchos clientes van a llamarlo o ir\u00e1n al mapa, lo cual quiere decir que puede que ellos no hagan clic hasta su sitio.<br><br>Aunque monitorearemos los clics y las visitas por usted, la mejor manera de determinar la efectividad es examinando las ventas previas a contactarnos, comparadas a las de 3 meses despu\u00e9s de nuestro servicio.\nTambi\u00e9n puede que quiera preguntar a los clientes c\u00f3mo lo encontraron.\nDespu\u00e9s de la marca de los tres meses se sorprender\u00e1 de cu\u00e1ntos m\u00e1s le dicen que lo encontraron en l\u00ednea.<\/p><\/div><\/div><div class=\"wp-block-uagb-faq-child uagb-faq-child__outer-wrap uagb-faq-item uagb-block-da9b17f1\" role=\"tab\" tabindex=\"0\"><div class=\"uagb-faq-questions-button uagb-faq-questions\">\t\t\t<span class=\"uagb-icon uagb-faq-icon-wrap\">\n\t\t\t\t\t\t\t\t<svg xmlns=\"https:\/\/www.w3.org\/2000\/svg\" viewbox= \"0 0 448 512\"><path d=\"M438.6 278.6l-160 160C272.4 444.9 264.2 448 256 448s-16.38-3.125-22.62-9.375c-12.5-12.5-12.5-32.75 0-45.25L338.8 288H32C14.33 288 .0016 273.7 .0016 256S14.33 224 32 224h306.8l-105.4-105.4c-12.5-12.5-12.5-32.75 0-45.25s32.75-12.5 45.25 0l160 160C451.1 245.9 451.1 266.1 438.6 278.6z\"><\/path><\/svg>\n\t\t\t\t\t\t\t<\/span>\n\t\t\t\t\t\t<span class=\"uagb-icon-active uagb-faq-icon-wrap\">\n\t\t\t\t\t\t\t\t<svg xmlns=\"https:\/\/www.w3.org\/2000\/svg\" viewbox= \"0 0 384 512\"><path d=\"M374.6 310.6l-160 160C208.4 476.9 200.2 480 192 480s-16.38-3.125-22.62-9.375l-160-160c-12.5-12.5-12.5-32.75 0-45.25s32.75-12.5 45.25 0L160 370.8V64c0-17.69 14.33-31.1 31.1-31.1S224 46.31 224 64v306.8l105.4-105.4c12.5-12.5 32.75-12.5 45.25 0S387.1 298.1 374.6 310.6z\"><\/path><\/svg>\n\t\t\t\t\t\t\t<\/span>\n\t\t\t<span class=\"uagb-question\">\u00bfCu\u00e1ntas visitas tendr\u00e9?<\/span><\/div><div class=\"uagb-faq-content\"><p>Realmente var\u00eda y no hay un n\u00famero exacto.\nEn lugar de visitas, tratamos de enfocarnos en aumentar sus clientes QUE PAGAN y no el n\u00famero de visitas que recibir\u00e1.\nLas visitas no necesariamente son iguales a mayores ganancias as\u00ed que nuestro modelo se enfoca en hacer que el cliente lo llame directamente.\nLos estudios muestran que la mayor\u00eda de los clientes que realizan una b\u00fasqueda local ver\u00e1n su n\u00famero telef\u00f3nico y simplemente llamarlo... solo unos cuantos har\u00e1n clic hasta llegar a su sitio web.<\/p><\/div><\/div><\/div>","protected":false},"excerpt":{"rendered":"","protected":false},"author":1,"featured_media":73,"parent":0,"menu_order":4,"comment_status":"closed","ping_status":"closed","template":"","meta":{"_custom_body_class":"faqs","_custom_post_class":"","_uag_custom_page_level_css":"","footnotes":""},"class_list":{"1":"page","4":"has-post-thumbnail"},"uagb_featured_image_src":{"full":["https:\/\/www.411localsfaq.com\/wp-content\/uploads\/2021\/09\/questions.jpg",2560,900,false],"thumbnail":["https:\/\/www.411localsfaq.com\/wp-content\/uploads\/2021\/09\/questions-150x150.jpg",150,150,true],"medium":["https:\/\/www.411localsfaq.com\/wp-content\/uploads\/2021\/09\/questions-540x350.jpg",300,194,true],"medium_large":["https:\/\/www.411localsfaq.com\/wp-content\/uploads\/2021\/09\/questions.jpg",768,270,false],"large":["https:\/\/www.411localsfaq.com\/wp-content\/uploads\/2021\/09\/questions-1280x450.jpg",1280,450,true],"1536x1536":["https:\/\/www.411localsfaq.com\/wp-content\/uploads\/2021\/09\/questions.jpg",1536,540,false],"2048x2048":["https:\/\/www.411localsfaq.com\/wp-content\/uploads\/2021\/09\/questions.jpg",2048,720,false],"trp-custom-language-flag":["https:\/\/www.411localsfaq.com\/wp-content\/uploads\/2021\/09\/questions.jpg",18,6,false]},"uagb_author_info":{"display_name":"Rajesh Naik","author_link":"https:\/\/www.411localsfaq.com\/es\/author\/rajesh_naik\/"},"uagb_comment_info":0,"uagb_excerpt":null,"_links":{"self":[{"href":"https:\/\/www.411localsfaq.com\/es\/wp-json\/wp\/v2\/pages\/10","targetHints":{"allow":["GET"]}}],"collection":[{"href":"https:\/\/www.411localsfaq.com\/es\/wp-json\/wp\/v2\/pages"}],"about":[{"href":"https:\/\/www.411localsfaq.com\/es\/wp-json\/wp\/v2\/types\/page"}],"author":[{"embeddable":true,"href":"https:\/\/www.411localsfaq.com\/es\/wp-json\/wp\/v2\/users\/1"}],"replies":[{"embeddable":true,"href":"https:\/\/www.411localsfaq.com\/es\/wp-json\/wp\/v2\/comments?post=10"}],"version-history":[{"count":1,"href":"https:\/\/www.411localsfaq.com\/es\/wp-json\/wp\/v2\/pages\/10\/revisions"}],"predecessor-version":[{"id":80,"href":"https:\/\/www.411localsfaq.com\/es\/wp-json\/wp\/v2\/pages\/10\/revisions\/80"}],"wp:featuredmedia":[{"embeddable":true,"href":"https:\/\/www.411localsfaq.com\/es\/wp-json\/wp\/v2\/media\/73"}],"wp:attachment":[{"href":"https:\/\/www.411localsfaq.com\/es\/wp-json\/wp\/v2\/media?parent=10"}],"curies":[{"name":"wp","href":"https:\/\/api.w.org\/{rel}","templated":true}]}}