{"id":7,"date":"2021-08-31T13:31:36","date_gmt":"2021-08-31T13:31:36","guid":{"rendered":"https:\/\/www.411localsfaq.com\/?page_id=7"},"modified":"2021-09-13T12:52:28","modified_gmt":"2021-09-13T12:52:28","slug":"company","status":"publish","type":"page","link":"https:\/\/www.411localsfaq.com\/es\/company\/","title":{"rendered":"Sobre la Empresa"},"content":{"rendered":"<div class=\"wp-bootstrap-blocks-container container mb-0\">\n\t\n<div class=\"wp-bootstrap-blocks-row row d-flex justify-content-center\">\n\t\n\n<div class=\"col-12 col-lg-10\">\n\t\t\t\n\n<h1 class=\"title wp-block-heading\">411 Locals es una Agencia de Publicidad en Internet de r\u00e1pido crecimiento y un l\u00edder innovador en la industria.<\/h1>\n\n\n\n<p>Con oficinas en los Estados Unidos y Europa, nuestra joven compa\u00f1\u00eda es una de las m\u00e1s exitosas compa\u00f1\u00edas de publicidad en l\u00ednea del mundo. Nos especializamos en una variedad de servicios, incluyendo:<\/p>\n\n\n<div class=\"wp-bootstrap-blocks-row row services d-flex no-gutters\">\n\t\n\n<div class=\"col-12 col-md\">\n\t\t\t\n\n<p>Optimizaci\u00f3n para Motores de B\u00fasqueda<\/p>\n\n\t<\/div>\n\n\n\n<div class=\"col-12 col-md\">\n\t\t\t\n\n<p class=\"translation-block\">Dise\u00f1o de Sitios Web<\/p>\n\n\t<\/div>\n\n\n\n<div class=\"col-12 col-md\">\n\t\t\t\n\n<p>Marketing en L\u00ednea y para Dispositivos M\u00f3viles<\/p>\n\n\t<\/div>\n\n\n\n<div class=\"col-12 col-md\">\n\t\t\t\n\n<p class=\"translation-block\">Red de Contactos en Redes Sociales<\/p>\n\n\t<\/div>\n\n<\/div>\n\n\n\n<p>Una peque\u00f1a parte de la gran familia de 411 Locals.\nProveemos soluciones en l\u00ednea efectivas, asequibles que tienen como objetivo traerle m\u00e1s oportunidades de negocios.\nActualmente, hemos ayudado a m\u00e1s de 40 000 peque\u00f1as y medianas empresas a aumentar sus ventas a trav\u00e9s del marketing en l\u00ednea y la optimizaci\u00f3n para motores de b\u00fasqueda. 411 Locals es una compa\u00f1\u00eda grande, pero siempre damos a cada cliente la atenci\u00f3n individual y resultados de calidad que merecen.<\/p>\n\n\n\n<p>Desde que nos establecimos, siempre nos hemos esforzado por ser la agencia de publicidad en internet m\u00e1s innovadora y exitosa. El Better Business Bureau otorg\u00f3 a nuestra compa\u00f1\u00eda una calificaci\u00f3n \u201cA\u201d \u2013 \u00a1la m\u00e1s alta de cualquier agencia de publicidad! Usamos t\u00e9cnicas de optimizaci\u00f3n \u201cWhite Hat\u201d y un pensamiento novedoso para innovar en la industria.<\/p>\n\n\t<\/div>\n\n<\/div>\n\n<\/div>\n\n\n<div class=\"wp-bootstrap-blocks-container container mb-0 quote bg-cover\">\n\t\n<div class=\"wp-bootstrap-blocks-row row d-flex justify-content-md-end\">\n\t\n\n<div class=\"col-12 col-lg-8\">\n\t\t\t\n\n<h2 class=\"title wp-block-heading\">411 Locals es uno de los equipos de publicidad en l\u00ednea m\u00e1s profesionales del mundo.<\/h2>\n\n\t<\/div>\n\n<\/div>\n\n<\/div>\n\n\n<div class=\"wp-bootstrap-blocks-container container mb-0\">\n\t\n<div class=\"wp-bootstrap-blocks-row row d-flex justify-content-center\">\n\t\n\n<div class=\"col-12 col-lg-10\">\n\t\t\t\n\n<p>Nuestros empleados son experimentados dise\u00f1adores web, expertos en SEO, mercad\u00f3logos y programadores. Estamos dedicados a nuestro trabajo, y no tememos enfrentarnos a cualquier reto. Con nosotros, obtendr\u00e1 el servicio individualizado y los resultados excepcionales que usted espera. Somos los mejores en lo que hacemos.<\/p>\n\n\n\n<p>La publicidad en l\u00ednea es una actividad siempre cambiante, y asegurar su lugar en el mercado es un desaf\u00edo. 411 Locals ha logrado probar su valor al ofrecer servicios efectivos de marketing a precios asequibles.\nSi est\u00e1 buscando aumentar sus ventas, somos la compa\u00f1\u00eda para el trabajo.\nMiles de nuestros clientes satisfechos pueden dar fe de ese hecho.<\/p>\n\n\n\n<p>Estamos seguros de que excederemos sus expectativas. 411 Locals es l\u00edder en la industria porque ofrecemos servicios de primera calidad y servicio al cliente excepcional.\n\u00a1Conf\u00ede en nuestro profesionalismo y no se decepcionar\u00e1!<\/p>\n\n\t<\/div>\n\n<\/div>\n\n<\/div>\n\n\n<div class=\"wp-bootstrap-blocks-container container-fluid mb-0 blue-bg\">\n\t\n<div class=\"wp-bootstrap-blocks-container container mb-0\">\n\t\n<div class=\"wp-bootstrap-blocks-row row\">\n\t\n\n<div class=\"col-12 col-lg-7 mr-auto\">\n\t\t\t\n\n<h3 class=\"wp-block-heading\">M\u00e1s de 40,000 clientes felices no pueden estar equivocados sobre nuestros servicios de marketing en internet.<\/h3>\n\n\t<\/div>\n\n\n\n<div class=\"col-12 col-lg-auto align-self-center\">\n\t\t\t\n<div class=\"wp-bootstrap-blocks-button\">\n\t<a\n\t\thref=\"tel:855-259-2908\"\n\t\t\t\t\t\tclass=\"btn btn-primary\"\n\t>\n\t\tLl\u00e1menos: 855-259-2908\t<\/a>\n<\/div>\n\n\n<div class=\"wp-bootstrap-blocks-button\">\n\t<a\n\t\thref=\"https:\/\/www.411locals.com\/contact-us\/\"\n\t\t\t\t\ttarget=\"_blank\"\n\t\t\t\t\t\t\trel=\"noreferrer noopener\"\n\t\t\t\tclass=\"btn btn-primary\"\n\t>\n\t\tCont\u00e1ctenos\t<\/a>\n<\/div>\n\n\t<\/div>\n\n<\/div>\n\n<\/div>\n\n<\/div>","protected":false},"excerpt":{"rendered":"","protected":false},"author":1,"featured_media":8,"parent":0,"menu_order":2,"comment_status":"closed","ping_status":"closed","template":"","meta":{"_custom_body_class":"company","_custom_post_class":"","_uag_custom_page_level_css":"","footnotes":""},"class_list":{"1":"page","4":"has-post-thumbnail"},"uagb_featured_image_src":{"full":["https:\/\/www.411localsfaq.com\/wp-content\/uploads\/2021\/08\/company-employees.jpg",1086,450,false],"thumbnail":["https:\/\/www.411localsfaq.com\/wp-content\/uploads\/2021\/08\/company-employees-150x150.jpg",150,150,true],"medium":["https:\/\/www.411localsfaq.com\/wp-content\/uploads\/2021\/08\/company-employees-300x124.jpg",300,124,true],"medium_large":["https:\/\/www.411localsfaq.com\/wp-content\/uploads\/2021\/08\/company-employees.jpg",768,318,false],"large":["https:\/\/www.411localsfaq.com\/wp-content\/uploads\/2021\/08\/company-employees.jpg",1086,450,false],"1536x1536":["https:\/\/www.411localsfaq.com\/wp-content\/uploads\/2021\/08\/company-employees.jpg",1086,450,false],"2048x2048":["https:\/\/www.411localsfaq.com\/wp-content\/uploads\/2021\/08\/company-employees.jpg",1086,450,false],"trp-custom-language-flag":["https:\/\/www.411localsfaq.com\/wp-content\/uploads\/2021\/08\/company-employees.jpg",18,7,false]},"uagb_author_info":{"display_name":"Rajesh Naik","author_link":"https:\/\/www.411localsfaq.com\/es\/author\/rajesh_naik\/"},"uagb_comment_info":0,"uagb_excerpt":null,"_links":{"self":[{"href":"https:\/\/www.411localsfaq.com\/es\/wp-json\/wp\/v2\/pages\/7","targetHints":{"allow":["GET"]}}],"collection":[{"href":"https:\/\/www.411localsfaq.com\/es\/wp-json\/wp\/v2\/pages"}],"about":[{"href":"https:\/\/www.411localsfaq.com\/es\/wp-json\/wp\/v2\/types\/page"}],"author":[{"embeddable":true,"href":"https:\/\/www.411localsfaq.com\/es\/wp-json\/wp\/v2\/users\/1"}],"replies":[{"embeddable":true,"href":"https:\/\/www.411localsfaq.com\/es\/wp-json\/wp\/v2\/comments?post=7"}],"version-history":[{"count":0,"href":"https:\/\/www.411localsfaq.com\/es\/wp-json\/wp\/v2\/pages\/7\/revisions"}],"wp:featuredmedia":[{"embeddable":true,"href":"https:\/\/www.411localsfaq.com\/es\/wp-json\/wp\/v2\/media\/8"}],"wp:attachment":[{"href":"https:\/\/www.411localsfaq.com\/es\/wp-json\/wp\/v2\/media?parent=7"}],"curies":[{"name":"wp","href":"https:\/\/api.w.org\/{rel}","templated":true}]}}