{"id":9,"date":"2021-09-01T07:12:55","date_gmt":"2021-09-01T07:12:55","guid":{"rendered":"https:\/\/www.411localsfaq.com\/?page_id=9"},"modified":"2021-09-15T01:57:37","modified_gmt":"2021-09-15T01:57:37","slug":"questions","status":"publish","type":"page","link":"https:\/\/www.411localsfaq.com\/es\/questions\/","title":{"rendered":"Preguntas"},"content":{"rendered":"<div class=\"wp-block-uagb-faq uagb-faq__outer-wrap uagb-block-51a68d1a uagb-faq-icon-row uagb-faq-layout-accordion uagb-faq-expand-first-true uagb-faq-inactive-other-true uagb-faq__wrap uagb-buttons-layout-wrap uagb-faq-equal-height\" data-faqtoggle=\"true\" role=\"tablist\"><div class=\"wp-block-uagb-faq-child uagb-faq-child__outer-wrap uagb-faq-item uagb-block-51b221bd\" role=\"tab\" tabindex=\"0\"><div class=\"uagb-faq-questions-button uagb-faq-questions\">\t\t\t<span class=\"uagb-icon uagb-faq-icon-wrap\">\n\t\t\t\t\t\t\t\t<svg xmlns=\"https:\/\/www.w3.org\/2000\/svg\" viewbox= \"0 0 448 512\"><path d=\"M438.6 278.6l-160 160C272.4 444.9 264.2 448 256 448s-16.38-3.125-22.62-9.375c-12.5-12.5-12.5-32.75 0-45.25L338.8 288H32C14.33 288 .0016 273.7 .0016 256S14.33 224 32 224h306.8l-105.4-105.4c-12.5-12.5-12.5-32.75 0-45.25s32.75-12.5 45.25 0l160 160C451.1 245.9 451.1 266.1 438.6 278.6z\"><\/path><\/svg>\n\t\t\t\t\t\t\t<\/span>\n\t\t\t\t\t\t<span class=\"uagb-icon-active uagb-faq-icon-wrap\">\n\t\t\t\t\t\t\t\t<svg xmlns=\"https:\/\/www.w3.org\/2000\/svg\" viewbox= \"0 0 384 512\"><path d=\"M374.6 310.6l-160 160C208.4 476.9 200.2 480 192 480s-16.38-3.125-22.62-9.375l-160-160c-12.5-12.5-12.5-32.75 0-45.25s32.75-12.5 45.25 0L160 370.8V64c0-17.69 14.33-31.1 31.1-31.1S224 46.31 224 64v306.8l105.4-105.4c12.5-12.5 32.75-12.5 45.25 0S387.1 298.1 374.6 310.6z\"><\/path><\/svg>\n\t\t\t\t\t\t\t<\/span>\n\t\t\t<span class=\"uagb-question\">Me registr\u00e9 con 411 Locals y aun no veo a mi empresa en la primera p\u00e1gina.<\/span><\/div><div class=\"uagb-faq-content\"><p>SEO es un proceso que requiere un poco de trabajo, adem\u00e1s de hardware y software avanzados para asegurar resultados excelentes.\nPara las empresas a la que garantizamos el posicionamiento, prometemos que en tres meses su empresa estar\u00e1 en la primera p\u00e1gina.\nNecesitamos ese tiempo para que nuestra optimizaci\u00f3n empiece a tener efecto.\nMientras m\u00e1s tiempo pasa con nosotros una empresa, mejor es su clasificaci\u00f3n y conseguir\u00e1n m\u00e1s clientes cada mes debido a nuestro marketing en l\u00ednea, ya que nunca dejamos de optimizar para nuestros asociados.<\/p><\/div><\/div><div class=\"wp-block-uagb-faq-child uagb-faq-child__outer-wrap uagb-faq-item uagb-block-51f7bb27\" role=\"tab\" tabindex=\"0\"><div class=\"uagb-faq-questions-button uagb-faq-questions\">\t\t\t<span class=\"uagb-icon uagb-faq-icon-wrap\">\n\t\t\t\t\t\t\t\t<svg xmlns=\"https:\/\/www.w3.org\/2000\/svg\" viewbox= \"0 0 448 512\"><path d=\"M438.6 278.6l-160 160C272.4 444.9 264.2 448 256 448s-16.38-3.125-22.62-9.375c-12.5-12.5-12.5-32.75 0-45.25L338.8 288H32C14.33 288 .0016 273.7 .0016 256S14.33 224 32 224h306.8l-105.4-105.4c-12.5-12.5-12.5-32.75 0-45.25s32.75-12.5 45.25 0l160 160C451.1 245.9 451.1 266.1 438.6 278.6z\"><\/path><\/svg>\n\t\t\t\t\t\t\t<\/span>\n\t\t\t\t\t\t<span class=\"uagb-icon-active uagb-faq-icon-wrap\">\n\t\t\t\t\t\t\t\t<svg xmlns=\"https:\/\/www.w3.org\/2000\/svg\" viewbox= \"0 0 384 512\"><path d=\"M374.6 310.6l-160 160C208.4 476.9 200.2 480 192 480s-16.38-3.125-22.62-9.375l-160-160c-12.5-12.5-12.5-32.75 0-45.25s32.75-12.5 45.25 0L160 370.8V64c0-17.69 14.33-31.1 31.1-31.1S224 46.31 224 64v306.8l105.4-105.4c12.5-12.5 32.75-12.5 45.25 0S387.1 298.1 374.6 310.6z\"><\/path><\/svg>\n\t\t\t\t\t\t\t<\/span>\n\t\t\t<span class=\"uagb-question\">Despu\u00e9s de registrarme, un amigo me dijo que no es posible garantizar la primera posici\u00f3n en la SEO.<\/span><\/div><div class=\"uagb-faq-content\"><p>Su amigo tiene raz\u00f3n a medias.\nNadie puede garantizar completamente la posici\u00f3n en la primera p\u00e1gina para las B\u00fasquedas Org\u00e1nicas, las cuales son las b\u00fasquedas que incluir\u00e1n resultados de todo el mundo y de todo tipo de un sitio web.\nSu empresa estar\u00e1 compitiendo con cosas como Dictionary.com, Wikipedia, Yahoo, incontables blogs, sitios de entretenimiento, sin mencionar todas las otras empresas como la suya en los Estados Unidos o incluso en el mundo.\nLos Listados de Empresas funcionan de forma diferente, por lo que podemos ofrecer nuestra garant\u00eda a empresas seleccionadas como la suya.\nUsted solo est\u00e1 compitiendo con unas cuantas docenas a quiz\u00e1s unos pocos cientos de empresas en su \u00e1rea, y est\u00e1 compitiendo con empresas \u00fanicamente, no con todos estos otros tipos de sitios web que mencionamos.<\/p><\/div><\/div><div class=\"wp-block-uagb-faq-child uagb-faq-child__outer-wrap uagb-faq-item uagb-block-14e71aa7\" role=\"tab\" tabindex=\"0\"><div class=\"uagb-faq-questions-button uagb-faq-questions\">\t\t\t<span class=\"uagb-icon uagb-faq-icon-wrap\">\n\t\t\t\t\t\t\t\t<svg xmlns=\"https:\/\/www.w3.org\/2000\/svg\" viewbox= \"0 0 448 512\"><path d=\"M438.6 278.6l-160 160C272.4 444.9 264.2 448 256 448s-16.38-3.125-22.62-9.375c-12.5-12.5-12.5-32.75 0-45.25L338.8 288H32C14.33 288 .0016 273.7 .0016 256S14.33 224 32 224h306.8l-105.4-105.4c-12.5-12.5-12.5-32.75 0-45.25s32.75-12.5 45.25 0l160 160C451.1 245.9 451.1 266.1 438.6 278.6z\"><\/path><\/svg>\n\t\t\t\t\t\t\t<\/span>\n\t\t\t\t\t\t<span class=\"uagb-icon-active uagb-faq-icon-wrap\">\n\t\t\t\t\t\t\t\t<svg xmlns=\"https:\/\/www.w3.org\/2000\/svg\" viewbox= \"0 0 384 512\"><path d=\"M374.6 310.6l-160 160C208.4 476.9 200.2 480 192 480s-16.38-3.125-22.62-9.375l-160-160c-12.5-12.5-12.5-32.75 0-45.25s32.75-12.5 45.25 0L160 370.8V64c0-17.69 14.33-31.1 31.1-31.1S224 46.31 224 64v306.8l105.4-105.4c12.5-12.5 32.75-12.5 45.25 0S387.1 298.1 374.6 310.6z\"><\/path><\/svg>\n\t\t\t\t\t\t\t<\/span>\n\t\t\t<span class=\"uagb-question\">\u00bfHacen Optimizaci\u00f3n Org\u00e1nica como tambi\u00e9n Optimizaci\u00f3n de Listados de Empresas?<\/span><\/div><div class=\"uagb-faq-content\"><p>S\u00ed. Tenemos expertos trabajando en ambos porque se superponen, y en la mayor\u00eda de los casos la optimizaci\u00f3n que funciona para un Listado de Empresa tambi\u00e9n ayudar\u00e1 al Posicionamiento Org\u00e1nico.\nAunque la correlaci\u00f3n no es directa, hay algunas diferencias y nuestro enfoque principal son los Listados de Empresas porque eso resulta ser lo m\u00e1s beneficioso para empresas como la suya.<\/p><\/div><\/div><\/div>\n\n\n<h2 class=\"h1 mb-4 form-heading wp-block-heading\">Env\u00ede una Pregunta<\/h2>\n\n\n\n<div class=\"wpcf7 no-js\" id=\"wpcf7-f74-o1\" lang=\"en-US\" dir=\"ltr\" data-wpcf7-id=\"74\">\n<div class=\"screen-reader-response\"><p role=\"status\" aria-live=\"polite\" aria-atomic=\"true\"><\/p> <ul><\/ul><\/div>\n<form action=\"\/es\/wp-json\/wp\/v2\/pages\/9#wpcf7-f74-o1\" method=\"post\" class=\"wpcf7-form init\" aria-label=\"Contact form\" novalidate=\"novalidate\" data-status=\"init\" data-trp-original-action=\"\/es\/wp-json\/wp\/v2\/pages\/9#wpcf7-f74-o1\">\n<fieldset class=\"hidden-fields-container\"><input type=\"hidden\" name=\"_wpcf7\" value=\"74\" \/><input type=\"hidden\" name=\"_wpcf7_version\" value=\"6.1.5\" \/><input type=\"hidden\" name=\"_wpcf7_locale\" value=\"en_US\" \/><input type=\"hidden\" name=\"_wpcf7_unit_tag\" value=\"wpcf7-f74-o1\" \/><input type=\"hidden\" name=\"_wpcf7_container_post\" value=\"0\" \/><input type=\"hidden\" name=\"_wpcf7_posted_data_hash\" value=\"\" \/>\n<\/fieldset>\n<div class=\"row no-gutter d-flex justify-content-between p-4 p-md-4 p-lg-5\">\n\t<div class=\"col-12 col-md\">\n\t\t<p><label> Su Nombre *<br \/>\n<span class=\"wpcf7-form-control-wrap\" data-name=\"your-name\"><input size=\"40\" maxlength=\"400\" class=\"wpcf7-form-control wpcf7-text wpcf7-validates-as-required\" aria-required=\"true\" aria-invalid=\"false\" value=\"\" type=\"text\" name=\"your-name\" \/><\/span> <\/label><br \/>\n<label> Su Direcci\u00f3n de Correo Electr\u00f3nico *<br \/>\n<span class=\"wpcf7-form-control-wrap\" data-name=\"your-email\"><input size=\"40\" maxlength=\"400\" class=\"wpcf7-form-control wpcf7-email wpcf7-validates-as-required wpcf7-text wpcf7-validates-as-email\" aria-required=\"true\" aria-invalid=\"false\" value=\"\" type=\"email\" name=\"your-email\" \/><\/span> <\/label><br \/>\n<label> Asunto *<br \/>\n<span class=\"wpcf7-form-control-wrap\" data-name=\"your-subject\"><input size=\"40\" maxlength=\"400\" class=\"wpcf7-form-control wpcf7-text wpcf7-validates-as-required\" aria-required=\"true\" aria-invalid=\"false\" value=\"\" type=\"text\" name=\"your-subject\" \/><\/span> <\/label>\n\t\t<\/p>\n\t<\/div>\n\t<div class=\"col-12 col-md\">\n\t\t<p><label> Su Mensaje *<br \/>\n<span class=\"wpcf7-form-control-wrap\" data-name=\"your-message\"><textarea cols=\"40\" rows=\"10\" maxlength=\"2000\" class=\"wpcf7-form-control wpcf7-textarea\" aria-invalid=\"false\" name=\"your-message\"><\/textarea><\/span> <\/label>\n\t\t<\/p>\n\t<\/div>\n\t<div class=\"col-12\">\n\t\t<p><input class=\"wpcf7-form-control wpcf7-submit has-spinner\" type=\"submit\" value=\"Env\u00ede una Pregunta\" \/>\n\t\t<\/p>\n\t<\/div>\n<\/div><div class=\"wpcf7-response-output\" aria-hidden=\"true\"><\/div>\n<input type=\"hidden\" name=\"trp-form-language\" value=\"es\"\/><\/form>\n<\/div>","protected":false},"excerpt":{"rendered":"<p>Env\u00ede una Pregunta<\/p>","protected":false},"author":1,"featured_media":73,"parent":0,"menu_order":3,"comment_status":"closed","ping_status":"closed","template":"","meta":{"_custom_body_class":"faqs","_custom_post_class":"","_uag_custom_page_level_css":"","footnotes":""},"class_list":{"1":"page","4":"has-post-thumbnail"},"uagb_featured_image_src":{"full":["https:\/\/www.411localsfaq.com\/wp-content\/uploads\/2021\/09\/questions.jpg",2560,900,false],"thumbnail":["https:\/\/www.411localsfaq.com\/wp-content\/uploads\/2021\/09\/questions-150x150.jpg",150,150,true],"medium":["https:\/\/www.411localsfaq.com\/wp-content\/uploads\/2021\/09\/questions-540x350.jpg",300,194,true],"medium_large":["https:\/\/www.411localsfaq.com\/wp-content\/uploads\/2021\/09\/questions.jpg",768,270,false],"large":["https:\/\/www.411localsfaq.com\/wp-content\/uploads\/2021\/09\/questions-1280x450.jpg",1280,450,true],"1536x1536":["https:\/\/www.411localsfaq.com\/wp-content\/uploads\/2021\/09\/questions.jpg",1536,540,false],"2048x2048":["https:\/\/www.411localsfaq.com\/wp-content\/uploads\/2021\/09\/questions.jpg",2048,720,false],"trp-custom-language-flag":["https:\/\/www.411localsfaq.com\/wp-content\/uploads\/2021\/09\/questions.jpg",18,6,false]},"uagb_author_info":{"display_name":"Rajesh Naik","author_link":"https:\/\/www.411localsfaq.com\/es\/author\/rajesh_naik\/"},"uagb_comment_info":0,"uagb_excerpt":"Submit a Question","_links":{"self":[{"href":"https:\/\/www.411localsfaq.com\/es\/wp-json\/wp\/v2\/pages\/9","targetHints":{"allow":["GET"]}}],"collection":[{"href":"https:\/\/www.411localsfaq.com\/es\/wp-json\/wp\/v2\/pages"}],"about":[{"href":"https:\/\/www.411localsfaq.com\/es\/wp-json\/wp\/v2\/types\/page"}],"author":[{"embeddable":true,"href":"https:\/\/www.411localsfaq.com\/es\/wp-json\/wp\/v2\/users\/1"}],"replies":[{"embeddable":true,"href":"https:\/\/www.411localsfaq.com\/es\/wp-json\/wp\/v2\/comments?post=9"}],"version-history":[{"count":1,"href":"https:\/\/www.411localsfaq.com\/es\/wp-json\/wp\/v2\/pages\/9\/revisions"}],"predecessor-version":[{"id":79,"href":"https:\/\/www.411localsfaq.com\/es\/wp-json\/wp\/v2\/pages\/9\/revisions\/79"}],"wp:featuredmedia":[{"embeddable":true,"href":"https:\/\/www.411localsfaq.com\/es\/wp-json\/wp\/v2\/media\/73"}],"wp:attachment":[{"href":"https:\/\/www.411localsfaq.com\/es\/wp-json\/wp\/v2\/media?parent=9"}],"curies":[{"name":"wp","href":"https:\/\/api.w.org\/{rel}","templated":true}]}}